{"id":876,"date":"2022-06-23T16:12:47","date_gmt":"2022-06-23T13:12:47","guid":{"rendered":"https:\/\/coffe.kazak.com.pl\/?page_id=876"},"modified":"2022-06-23T19:39:03","modified_gmt":"2022-06-23T16:39:03","slug":"become-a-dealer","status":"publish","type":"page","link":"https:\/\/coffe.kazak.com.pl\/en\/become-a-dealer\/","title":{"rendered":"Become a dealer"},"content":{"rendered":"<p><\/p>\n<div role=\"form\" class=\"wpcf7\" id=\"wpcf7-f881-o2\" lang=\"en-US\" dir=\"ltr\">\n<div class=\"screen-reader-response\"><p role=\"status\" aria-live=\"polite\" aria-atomic=\"true\"><\/p> <ul><\/ul><\/div>\n<form action=\"\/en\/wp-json\/wp\/v2\/pages\/876#wpcf7-f881-o2\" method=\"post\" class=\"wpcf7-form init\" novalidate=\"novalidate\" data-status=\"init\">\n<div style=\"display: none;\">\n<input type=\"hidden\" name=\"_wpcf7\" value=\"881\" \/>\n<input type=\"hidden\" name=\"_wpcf7_version\" value=\"5.6\" \/>\n<input type=\"hidden\" name=\"_wpcf7_locale\" value=\"en_US\" \/>\n<input type=\"hidden\" name=\"_wpcf7_unit_tag\" value=\"wpcf7-f881-o2\" \/>\n<input type=\"hidden\" name=\"_wpcf7_container_post\" value=\"0\" \/>\n<input type=\"hidden\" name=\"_wpcf7_posted_data_hash\" value=\"\" \/>\n<\/div>\n<div class=\"form-fields\">\n<div class=\"row\">\n<div class=\"col-lg-6\">\n<div class=\"form-field\"><span class=\"wpcf7-form-control-wrap\" data-name=\"your-name\"><input type=\"text\" name=\"your-name\" value=\"\" size=\"40\" class=\"wpcf7-form-control wpcf7-text wpcf7-validates-as-required\" aria-required=\"true\" aria-invalid=\"false\" placeholder=\"Name *\" \/><\/span><\/div>\n<\/div>\n<div class=\"col-lg-6\">\n<div class=\"form-field\"><span class=\"wpcf7-form-control-wrap\" data-name=\"your-company\"><input type=\"text\" name=\"your-company\" value=\"\" size=\"40\" class=\"wpcf7-form-control wpcf7-text\" aria-invalid=\"false\" placeholder=\"Company name\" \/><\/span><\/div>\n<\/div>\n<div class=\"col-lg-6\">\n<div class=\"form-field\"><span class=\"wpcf7-form-control-wrap\" data-name=\"your-email\"><input type=\"email\" name=\"your-email\" value=\"\" size=\"40\" class=\"wpcf7-form-control wpcf7-text wpcf7-email wpcf7-validates-as-required wpcf7-validates-as-email\" aria-required=\"true\" aria-invalid=\"false\" placeholder=\"E-mail *\" \/><\/span><\/div>\n<\/div>\n<div class=\"col-lg-6\">\n<div class=\"form-field\"><span class=\"wpcf7-form-control-wrap\" data-name=\"tel-635\"><input type=\"tel\" name=\"tel-635\" value=\"\" size=\"40\" class=\"wpcf7-form-control wpcf7-text wpcf7-tel wpcf7-validates-as-tel\" aria-invalid=\"false\" placeholder=\"Phone\" \/><\/span><\/div>\n<\/div>\n<div class=\"col-12\">\n<div class=\"form-field\"><span class=\"wpcf7-form-control-wrap\" data-name=\"your-message\"><textarea name=\"your-message\" cols=\"40\" rows=\"10\" class=\"wpcf7-form-control wpcf7-textarea wpcf7-validates-as-required\" aria-required=\"true\" aria-invalid=\"false\" placeholder=\"Message *\"><\/textarea><\/span><\/div>\n<\/div>\n<div class=\"col-12\">\n<div class=\"form-field\"><span class=\"wpcf7-form-control-wrap\" data-name=\"acceptance-217\"><span class=\"wpcf7-form-control wpcf7-acceptance\"><span class=\"wpcf7-list-item\"><label><input type=\"checkbox\" name=\"acceptance-217\" value=\"1\" aria-invalid=\"false\" \/><span class=\"wpcf7-list-item-label\">I agree to the processing of my personal data by Kazak Poland Sp\u00f3\u0142ka z o.o. with its registered office in Bielsko-Bia\u0142a (43-300) at ul. Towarowa 26 to respond to the request for quotation. Providing data is voluntary, but necessary to process the query and provide the service. Detailed information on the scope and purposes of our processing of personal data and the rights of data subjects are included in our <a href=\"\" target=\"_blank\">terms and conditions<\/a>.<\/span><\/label><\/span><\/span><\/span><\/div>\n<\/div>\n<div class=\"col-12\">\n<div class=\"form-field mb-0\"><input type=\"submit\" value=\"Send\" class=\"wpcf7-form-control has-spinner wpcf7-submit\" \/><\/div>\n<\/div>\n<\/div>\n<\/div>\n<div class=\"wpcf7-response-output\" aria-hidden=\"true\"><\/div><\/form><\/div>\n<p><\/p>","protected":false},"excerpt":{"rendered":"","protected":false},"author":1,"featured_media":0,"parent":0,"menu_order":0,"comment_status":"closed","ping_status":"closed","template":"","meta":{"inline_featured_image":false},"_links":{"self":[{"href":"https:\/\/coffe.kazak.com.pl\/en\/wp-json\/wp\/v2\/pages\/876"}],"collection":[{"href":"https:\/\/coffe.kazak.com.pl\/en\/wp-json\/wp\/v2\/pages"}],"about":[{"href":"https:\/\/coffe.kazak.com.pl\/en\/wp-json\/wp\/v2\/types\/page"}],"author":[{"embeddable":true,"href":"https:\/\/coffe.kazak.com.pl\/en\/wp-json\/wp\/v2\/users\/1"}],"replies":[{"embeddable":true,"href":"https:\/\/coffe.kazak.com.pl\/en\/wp-json\/wp\/v2\/comments?post=876"}],"version-history":[{"count":4,"href":"https:\/\/coffe.kazak.com.pl\/en\/wp-json\/wp\/v2\/pages\/876\/revisions"}],"predecessor-version":[{"id":884,"href":"https:\/\/coffe.kazak.com.pl\/en\/wp-json\/wp\/v2\/pages\/876\/revisions\/884"}],"wp:attachment":[{"href":"https:\/\/coffe.kazak.com.pl\/en\/wp-json\/wp\/v2\/media?parent=876"}],"curies":[{"name":"wp","href":"https:\/\/api.w.org\/{rel}","templated":true}]}}